{"id":46,"date":"2018-07-24T14:01:33","date_gmt":"2018-07-24T14:01:33","guid":{"rendered":"https:\/\/www.waymanracing.ch\/?page_id=46"},"modified":"2019-07-30T20:26:48","modified_gmt":"2019-07-30T20:26:48","slug":"goenner","status":"publish","type":"page","link":"https:\/\/www.waymanracing.ch\/?page_id=46","title":{"rendered":"G\u00f6nner"},"content":{"rendered":"<p>[et_pb_section fb_built=&#8220;1&#8243; admin_label=&#8220;section&#8220; _builder_version=&#8220;3.0.47&#8243;][et_pb_row custom_padding=&#8220;0|0px|0|0px|false|false&#8220; admin_label=&#8220;row&#8220; _builder_version=&#8220;3.0.48&#8243; background_size=&#8220;initial&#8220; background_position=&#8220;top_left&#8220; background_repeat=&#8220;repeat&#8220;][et_pb_column type=&#8220;4_4&#8243; _builder_version=&#8220;3.0.47&#8243; parallax=&#8220;off&#8220; parallax_method=&#8220;on&#8220;][et_pb_text admin_label=&#8220;Text&#8220; _builder_version=&#8220;3.0.74&#8243; background_size=&#8220;initial&#8220; background_position=&#8220;top_left&#8220; background_repeat=&#8220;repeat&#8220;]<\/p>\n<p>&nbsp;<\/p>\n<ul>\n<li style=\"text-align: center;\"><\/li>\n<\/ul>\n<p>[\/et_pb_text][et_pb_blurb use_icon=&#8220;on&#8220; font_icon=&#8220;%%257%%&#8220; icon_color=&#8220;#e02b20&#8243; _builder_version=&#8220;3.19.10&#8243; header_font=&#8220;||||||||&#8220; header_text_align=&#8220;center&#8220; header_text_color=&#8220;#0c71c3&#8243; header_font_size=&#8220;39px&#8220;]<\/p>\n<p style=\"text-align: center;\">Liebe G\u00f6nner, vielen herzlichen Dank f\u00fcr euren wertvollen Beitrag und eure Unterst\u00fctzung<\/p>\n<p style=\"text-align: center;\">\n<p>[\/et_pb_blurb][\/et_pb_column][\/et_pb_row][et_pb_row _builder_version=&#8220;3.19.10&#8243;][et_pb_column type=&#8220;1_4&#8243; _builder_version=&#8220;3.19.10&#8243; parallax=&#8220;off&#8220; parallax_method=&#8220;on&#8220;][\/et_pb_column][et_pb_column type=&#8220;1_2&#8243; _builder_version=&#8220;3.19.10&#8243; parallax=&#8220;off&#8220; parallax_method=&#8220;on&#8220;][et_pb_text _builder_version=&#8220;3.19.10&#8243; text_font=&#8220;||||||||&#8220; text_text_color=&#8220;#0c71c3&#8243; text_font_size=&#8220;26px&#8220; text_line_height=&#8220;1em&#8220;]<\/p>\n<p style=\"text-align: center;\">Neuaufbau Motor durch allmech.ch<\/p>\n<p>[\/et_pb_text][\/et_pb_column][et_pb_column type=&#8220;1_4&#8243; _builder_version=&#8220;3.19.10&#8243; parallax=&#8220;off&#8220; parallax_method=&#8220;on&#8220;][\/et_pb_column][\/et_pb_row][et_pb_row _builder_version=&#8220;3.19.10&#8243;][et_pb_column type=&#8220;1_3&#8243; _builder_version=&#8220;3.19.10&#8243; parallax=&#8220;off&#8220; parallax_method=&#8220;on&#8220;][et_pb_blurb title=&#8220;Allmech &#8211; Didi Wermuth machts m\u00f6glich&#8220; use_icon=&#8220;on&#8220; font_icon=&#8220;%%277%%&#8220; _builder_version=&#8220;3.19.10&#8243;]<\/p>\n<p>&#8222;Kein Auftrag zu gross oder klein ein Anruf wert zu sein&#8220;<\/p>\n<p>[\/et_pb_blurb][\/et_pb_column][et_pb_column type=&#8220;1_3&#8243; _builder_version=&#8220;3.19.10&#8243; parallax=&#8220;off&#8220; parallax_method=&#8220;on&#8220;][et_pb_blurb title=&#8220;%22Kein Auftrag zu gross oder klein ein Anruf wert zu sein%22&#8243; image=&#8220;https:\/\/www.waymanracing.ch\/wp-content\/uploads\/2018\/07\/Didi-1.png&#8220; _builder_version=&#8220;3.19.10&#8243;]<\/p>\n<p style=\"text-align: center;\">Dieter Wermuth<br \/> Selbstst\u00e4ndiger freischaffender Land \/ Baumaschinenmechaniker<\/p>\n<p style=\"text-align: center;\">\n<p>[\/et_pb_blurb][et_pb_button button_url=&#8220;https:\/\/allmech.ch&#8220; url_new_window=&#8220;on&#8220; button_text=&#8220;Allmech.ch&#8220; button_alignment=&#8220;center&#8220; _builder_version=&#8220;3.19.10&#8243;][\/et_pb_button][\/et_pb_column][et_pb_column type=&#8220;1_3&#8243; _builder_version=&#8220;3.19.10&#8243; parallax=&#8220;off&#8220; parallax_method=&#8220;on&#8220;][et_pb_image src=&#8220;https:\/\/www.waymanracing.ch\/wp-content\/uploads\/2018\/07\/WP_20180414_15_44_38_Rich.jpg&#8220; _builder_version=&#8220;3.19.10&#8243;][\/et_pb_image][\/et_pb_column][\/et_pb_row][\/et_pb_section]<\/p>\n","protected":false},"excerpt":{"rendered":"<p>&nbsp; Liebe G\u00f6nner, vielen herzlichen Dank f\u00fcr euren wertvollen Beitrag und eure Unterst\u00fctzung Neuaufbau Motor durch allmech.ch&#8220;Kein Auftrag zu gross oder klein ein Anruf wert zu sein&#8220;Dieter Wermuth Selbstst\u00e4ndiger freischaffender Land \/ Baumaschinenmechaniker<\/p>\n","protected":false},"author":1,"featured_media":0,"parent":0,"menu_order":0,"comment_status":"closed","ping_status":"closed","template":"","meta":{"_et_pb_use_builder":"on","_et_pb_old_content":"<p>Liebe G\u00f6nner, vielen herzlichen Dank f\u00fcr euren wertvollen Beitrag und eure Unterst\u00fctzung<\/p>\t\t\n\t\t\t\t\t<ul>\n\t\t\t\t\t\t\t<li >\n\t\t\t\t\t\t\t\t\t\tHeidy Wegmann\n\t\t\t\t\t\t\t\t\t<\/li>\n\t\t\t\t\t\t\t\t<li >\n\t\t\t\t\t\t\t\t\t\tAndrea Wegmann<br>\n\t\t\t\t\t\t\t\t\t<\/li>\n\t\t\t\t\t\t\t\t<li >\n\t\t\t\t\t\t\t\t\t\tAngelina Wegmann<br>\n\t\t\t\t\t\t\t\t\t<\/li>\n\t\t\t\t\t\t\t\t<li >\n\t\t\t\t\t\t\t\t\t\tSarah & Emilio Lanz\n\t\t\t\t\t\t\t\t\t<\/li>\n\t\t\t\t\t\t\t\t<li >\n\t\t\t\t\t\t\t\t\t\tAndi Grob\n\t\t\t\t\t\t\t\t\t<\/li>\n\t\t\t\t\t\t\t\t<li >\n\t\t\t\t\t\t\t\t\t\tDidi Wermuth\n\t\t\t\t\t\t\t\t\t<\/li>\n\t\t\t\t\t\t\t\t<li >\n\t\t\t\t\t\t\t\t\t\tDieter & Claudine Salzmann\n\t\t\t\t\t\t\t\t\t<\/li>\n\t\t\t\t\t\t\t\t<li >\n\t\t\t\t\t\t\t\t\t\tEvelyne Wegmann\n\t\t\t\t\t\t\t\t\t<\/li>\n\t\t\t\t\t\t\t\t<li >\n\t\t\t\t\t\t\t\t\t\tFalk Schreiber\n\t\t\t\t\t\t\t\t\t<\/li>\n\t\t\t\t\t\t\t\t<li >\n\t\t\t\t\t\t\t\t\t\tSilvia Lanz\n\t\t\t\t\t\t\t\t\t<\/li>\n\t\t\t\t\t\t\t\t<li >\n\t\t\t\t\t\t\t\t\t\tMarko Grgic\n\t\t\t\t\t\t\t\t\t<\/li>\n\t\t\t\t\t\t\t\t<li >\n\t\t\t\t\t\t\t\t\t\tDaniel Schmid\n\t\t\t\t\t\t\t\t\t<\/li>\n\t\t\t\t\t\t<\/ul>\n\t\t\t<h2><h2 data-elementor-setting-key=\"title\" data-pen-placeholder=\"Eingabe hier...\" contenteditable=\"true\">Allmech - Didi Wermuth machts m\u00f6glich<\/h2><\/h2>\t\t\n\t\t\t\t\t\t\t\"Kein Auftrag zu gross oder klein ein Anruf wert zu sein\"\n\t\t\t\t\t\t\t<img width=\"297\" height=\"351\" src=\"https:\/\/www.waymanracing.ch\/wp-content\/uploads\/2018\/07\/Didi-1.png\" alt=\"\" srcset=\"https:\/\/www.waymanracing.ch\/wp-content\/uploads\/2018\/07\/Didi-1.png 297w, https:\/\/www.waymanracing.ch\/wp-content\/uploads\/2018\/07\/Didi-1-254x300.png 254w\" sizes=\"(max-width: 297px) 100vw, 297px\" \/>\t\t\t\t\t\t\n\t\t\t\t\t\t\t\t\t\t\t\t\tDieter Wermuth\n\t\t\t\t\t\t\t\t\t\t\t\t\t\t\t\t\t\t\tSelbstst\u00e4ndiger freischaffender Land \/ Baumaschinenmechaniker\n\t\t\t<figure><a href=\"www.allmech.ch\" target=\"_blank\"><img width=\"327\" height=\"188\" src=\"https:\/\/www.waymanracing.ch\/wp-content\/uploads\/2018\/07\/civic-in-Didis-Werkstatt.png\" alt=\"\" srcset=\"https:\/\/www.waymanracing.ch\/wp-content\/uploads\/2018\/07\/civic-in-Didis-Werkstatt.png 327w, https:\/\/www.waymanracing.ch\/wp-content\/uploads\/2018\/07\/civic-in-Didis-Werkstatt-300x172.png 300w\" sizes=\"(max-width: 327px) 100vw, 327px\" \/><\/a><\/figure><h3><a href=\"www.allmech.ch\" target=\"_blank\">www.allmech.ch<\/a><\/h3><p>Honda Civic V-Tec Neuaufbau nach dem Motorschaden <\/p>","_et_gb_content_width":"","footnotes":""},"class_list":["post-46","page","type-page","status-publish","hentry"],"_links":{"self":[{"href":"https:\/\/www.waymanracing.ch\/index.php?rest_route=\/wp\/v2\/pages\/46","targetHints":{"allow":["GET"]}}],"collection":[{"href":"https:\/\/www.waymanracing.ch\/index.php?rest_route=\/wp\/v2\/pages"}],"about":[{"href":"https:\/\/www.waymanracing.ch\/index.php?rest_route=\/wp\/v2\/types\/page"}],"author":[{"embeddable":true,"href":"https:\/\/www.waymanracing.ch\/index.php?rest_route=\/wp\/v2\/users\/1"}],"replies":[{"embeddable":true,"href":"https:\/\/www.waymanracing.ch\/index.php?rest_route=%2Fwp%2Fv2%2Fcomments&post=46"}],"version-history":[{"count":30,"href":"https:\/\/www.waymanracing.ch\/index.php?rest_route=\/wp\/v2\/pages\/46\/revisions"}],"predecessor-version":[{"id":523,"href":"https:\/\/www.waymanracing.ch\/index.php?rest_route=\/wp\/v2\/pages\/46\/revisions\/523"}],"wp:attachment":[{"href":"https:\/\/www.waymanracing.ch\/index.php?rest_route=%2Fwp%2Fv2%2Fmedia&parent=46"}],"curies":[{"name":"wp","href":"https:\/\/api.w.org\/{rel}","templated":true}]}}