{"id":30,"date":"2018-07-24T13:58:50","date_gmt":"2018-07-24T13:58:50","guid":{"rendered":"https:\/\/www.waymanracing.ch\/?page_id=30"},"modified":"2020-02-06T19:13:03","modified_gmt":"2020-02-06T19:13:03","slug":"termine","status":"publish","type":"page","link":"https:\/\/www.waymanracing.ch\/?page_id=30","title":{"rendered":"Termine"},"content":{"rendered":"\n[et_pb_section fb_built=&#8220;1&#8243; admin_label=&#8220;section&#8220; _builder_version=&#8220;3.22&#8243; custom_padding=&#8220;0|0px|62.7167px|0px|false|false&#8220;][et_pb_row _builder_version=&#8220;4.0.4&#8243;][et_pb_column type=&#8220;4_4&#8243; _builder_version=&#8220;4.0.4&#8243;][et_pb_text _builder_version=&#8220;4.0.4&#8243; text_font=&#8220;||||||||&#8220; text_text_color=&#8220;#0c71c3&#8243; text_font_size=&#8220;20px&#8220;]\n<p style=\"text-align: center;\">Hier erf\u00e4hrst Du an welchen Events wir 2020 teilnehmen, bzw. teilgenommen haben<\/p>\n[\/et_pb_text][\/et_pb_column][\/et_pb_row][et_pb_row column_structure=&#8220;1_2,1_2&#8243; module_class=&#8220; et_pb_row_fullwidth&#8220; _builder_version=&#8220;3.25&#8243; width=&#8220;89%&#8220; width_tablet=&#8220;80%&#8220; width_phone=&#8220;&#8220; width_last_edited=&#8220;on|desktop&#8220; max_width=&#8220;89%&#8220; max_width_tablet=&#8220;80%&#8220; max_width_phone=&#8220;&#8220; max_width_last_edited=&#8220;on|desktop&#8220; custom_padding=&#8220;52px|0px|31.35px|0px|false|false&#8220; border_radii=&#8220;||||&#8220; border_width_all=&#8220;1px&#8220; border_color_all=&#8220;#ffffff&#8220; make_fullwidth=&#8220;on&#8220;][et_pb_column type=&#8220;1_2&#8243; _builder_version=&#8220;3.25&#8243; custom_padding=&#8220;|||&#8220; custom_padding__hover=&#8220;|||&#8220;][et_pb_text _builder_version=&#8220;4.0.4&#8243;]\n<h2 style=\"text-align: center;\">Trackdays mit Swiss Lotus Team<\/h2>\n[\/et_pb_text][et_pb_image src=&#8220;https:\/\/www.waymanracing.ch\/wp-content\/uploads\/2020\/02\/Rennkalender-2020-pdf.jpg&#8220; show_in_lightbox=&#8220;on&#8220; _builder_version=&#8220;4.0.4&#8243; background_color=&#8220;#ffffff&#8220; width=&#8220;100%&#8220;][\/et_pb_image][\/et_pb_column][et_pb_column type=&#8220;1_2&#8243; _builder_version=&#8220;4.0.4&#8243;][et_pb_text _builder_version=&#8220;4.0.4&#8243; custom_margin=&#8220;-10px|||||&#8220; custom_padding=&#8220;4px|0px|70px|||&#8220;]\n<h2>Trackdays mit Smotors &#8211; S\u00e4gesser Motorsport<\/h2>\n&nbsp;\n<ul>\n \t<li>04.04.2020 &#8211; Warm-up in Bresse<\/li>\n \t<li>08.08.2020 &#8211; Sprint Day in Bresse<\/li>\n \t<li>10.10.2020 &#8211; Speed Day in Chenevi\u00e8res<\/li>\n<\/ul>\n&nbsp;\n\n&nbsp;\n\n&nbsp;\n\n&nbsp;\n\n[\/et_pb_text][\/et_pb_column][\/et_pb_row][et_pb_row module_class=&#8220; et_pb_row_fullwidth&#8220; _builder_version=&#8220;3.25&#8243; width=&#8220;89%&#8220; width_tablet=&#8220;80%&#8220; width_phone=&#8220;&#8220; width_last_edited=&#8220;on|desktop&#8220; max_width=&#8220;89%&#8220; max_width_tablet=&#8220;80%&#8220; max_width_phone=&#8220;&#8220; max_width_last_edited=&#8220;on|desktop&#8220; custom_padding=&#8220;38px|0px|31.35px|0px|false|false&#8220; border_radii=&#8220;||||&#8220; border_width_all=&#8220;1px&#8220; border_color_all=&#8220;#ffffff&#8220; make_fullwidth=&#8220;on&#8220;][et_pb_column type=&#8220;4_4&#8243; _builder_version=&#8220;3.25&#8243; custom_padding=&#8220;|||&#8220; custom_padding__hover=&#8220;|||&#8220;][et_pb_text _builder_version=&#8220;3.27.4&#8243; text_font=&#8220;||||||||&#8220; text_text_color=&#8220;#0c71c3&#8243; text_font_size=&#8220;20px&#8220;]\n\nHier erf\u00e4hrst Du an welchen Events wir 2019 teilnehmen, bzw. teilgenommen haben\n\n[\/et_pb_text][et_pb_tabs active_tab_background_color=&#8220;#0c71c3&#8243; inactive_tab_background_color=&#8220;#000000&#8243; _builder_version=&#8220;3.19.10&#8243; tab_text_color=&#8220;#ffffff&#8220; tab_font=&#8220;||||||||&#8220;][et_pb_tab title=&#8220;Januar 2019 \u2013 G\u00f6nnerabend Smotors&#8220; _builder_version=&#8220;3.19.10&#8243; tab_font=&#8220;||||||||&#8220;]\n\nG\u00f6nner und Sponsorenabend von <a href=\"https:\/\/smotors.ch\" target=\"_blank\" rel=\"noopener noreferrer\" title=\"Link zu S\u00e4gesser Motorsport\">S\u00e4gesser Motorsport<\/a>, Samstag 26. Januar 2019\n\n[\/et_pb_tab][et_pb_tab title=&#8220;April 2019 \u2013 Time Attack Anneau du Rhin&#8220; _builder_version=&#8220;3.19.10&#8243;]\n\nErster Anlass der Saison der Time Attack Championship des <a href=\"http:\/\/www.swisslotus.ch\" target=\"_blank\" rel=\"noopener noreferrer\" title=\"Link zu Swiss Lotus Team\">Swiss Lotus Teams<\/a> auf der beliebten Rennstrecke in Anneau du Rhin nahe der Schweizer Grenze zwischen Mulhouse und Colmar.\n\n<span><a href=\"https:\/\/www.waymanracing.ch\/?page_id=30\"><strong><\/strong><\/a><\/span>\n\n[\/et_pb_tab][et_pb_tab title=&#8220;April 2019 \u2013 Warm Up in Bresse Smotors&#8220; _builder_version=&#8220;3.19.10&#8243;]\n\nEin Trackday vom feinsten.\n\nWarm Up 2019, Circuit de Bresse\nSamstag 13. April 2019\n\n&nbsp;\n\nWeitere Information auf <span><a href=\"http:\/\/www.smotors.ch\">www.smotors.ch<\/a><\/span>\n\n[\/et_pb_tab][et_pb_tab title=&#8220;Mai 2019 &#8211; Time Attack Circuit Chenevi\u00e8res&#8220; _builder_version=&#8220;3.19.10&#8243;]\n\nTime Attack Championship Event vom <a href=\"http:\/\/www.swisslotus.ch\" target=\"_blank\" rel=\"noopener noreferrer\" title=\"Link zu Swiss Lotus Team\">Swiss Lotus Teams<\/a>&nbsp;\n\n[\/et_pb_tab][et_pb_tab title=&#8220;Mai 2019 &#8211; Circuit de Bresse&#8220; _builder_version=&#8220;3.19.10&#8243;]\n\nTeilnahme am Trackday &#8211; Kurt Buess Memorial in Bress. Organisiert durch S\u00e4gesser Motorsport und Swiss Lotus Club\n\n[\/et_pb_tab][et_pb_tab title=&#8220;Juli 2019 &#8211; Time Attack Circuit Chenevi\u00e9res&#8220; _builder_version=&#8220;3.19.10&#8243;]\n\nEvent von Swiss Lotus Team auf der sch\u00f6nen Rennstrecke von Chenevi\u00e8res.\n\n[\/et_pb_tab][et_pb_tab title=&#8220;August 2019 &#8211; Sprint Day in Bresse&#8220; _builder_version=&#8220;3.19.10&#8243;]\n\nTeilnahme am Sprintday auf dem Circuit de Bresse. Organisiert durch S\u00e4gesser Motorsport.\n\n[\/et_pb_tab][\/et_pb_tabs][\/et_pb_column][\/et_pb_row][et_pb_row module_class=&#8220; et_pb_row_fullwidth&#8220; _builder_version=&#8220;3.25&#8243; width=&#8220;89%&#8220; width_tablet=&#8220;80%&#8220; width_phone=&#8220;&#8220; width_last_edited=&#8220;on|desktop&#8220; max_width=&#8220;89%&#8220; max_width_tablet=&#8220;80%&#8220; max_width_phone=&#8220;&#8220; max_width_last_edited=&#8220;on|desktop&#8220; make_fullwidth=&#8220;on&#8220;][et_pb_column type=&#8220;4_4&#8243; _builder_version=&#8220;3.25&#8243; custom_padding=&#8220;|||&#8220; custom_padding__hover=&#8220;|||&#8220;][et_pb_divider admin_label=&#8220;Teiler&#8220; _builder_version=&#8220;3.19.10&#8243;][\/et_pb_divider][\/et_pb_column][\/et_pb_row][et_pb_row module_class=&#8220; et_pb_row_fullwidth&#8220; _builder_version=&#8220;3.25&#8243; background_color=&#8220;#ffffff&#8220; width=&#8220;89%&#8220; width_tablet=&#8220;80%&#8220; width_phone=&#8220;&#8220; width_last_edited=&#8220;on|desktop&#8220; max_width=&#8220;89%&#8220; max_width_tablet=&#8220;80%&#8220; max_width_phone=&#8220;&#8220; max_width_last_edited=&#8220;on|desktop&#8220; custom_padding=&#8220;27px|0px|35px|0px|false|false&#8220; border_width_all=&#8220;1px&#8220; border_color_all=&#8220;#ffffff&#8220; make_fullwidth=&#8220;on&#8220;][et_pb_column type=&#8220;4_4&#8243; _builder_version=&#8220;3.25&#8243; custom_padding=&#8220;|||&#8220; custom_padding__hover=&#8220;|||&#8220;][et_pb_text _builder_version=&#8220;3.27.4&#8243; text_font=&#8220;||||||||&#8220; text_text_color=&#8220;#0c71c3&#8243; text_font_size=&#8220;20px&#8220;]\n\nHier erf\u00e4hrst Du an welchen Events wir 2018 teilgenommen haben\n\n[\/et_pb_text][et_pb_tabs active_tab_background_color=&#8220;#0c71c3&#8243; inactive_tab_background_color=&#8220;#000000&#8243; admin_label=&#8220;Registerkarte&#8220; _builder_version=&#8220;3.19.10&#8243; tab_text_color=&#8220;#ffffff&#8220; body_font=&#8220;||||||||&#8220; tab_font=&#8220;||||||||&#8220;][et_pb_tab title=&#8220;Mai 2018 \u2013 Anneau du Rhin&#8220; _builder_version=&#8220;3.19.10&#8243;]\n\nNach monatelanger intensiver Neuaufbauarbeiten durch Didi Wermuth von <span><a href=\"http:\/\/www.allmech.ch\">www.allmech.ch<\/a><\/span> hatten wir die M\u00f6glichkeit den Honda in Anneau du Rhin \u201eeinzufahren\u201c. Die Vorfreude war riesengross.\n\n&nbsp;\n\nWir&nbsp; k\u00f6nnten den Civic w\u00e4hrend rund einer Stunde auf sch\u00f6nen Rundkurs bewegen. Der Motor und das Handling waren sehr stimmig.\n\n.\n\n[\/et_pb_tab][et_pb_tab title=&#8220;Juni 2018 \u2013 Circuit de Bresse&#8220; _builder_version=&#8220;3.19.10&#8243;]\n\nNachdem wir bereits im vergangen Jahr an dem tollen Event vom Lotus Club Schweiz (<span><a href=\"http:\/\/www.lotusteam.ch\">www.lotusteam.ch<\/a><\/span>) teilnehmen konnten, waren wir auch in diesem Jahr am Start.\n\n[\/et_pb_tab][et_pb_tab title=&#8220;Juni 2018 \u2013 Motor Abstimmung&#8220; _builder_version=&#8220;3.19.10&#8243;]\n\nNach dem Neuaufbau und einer ersten Ausfahrt auf der Rennstrecke Bresse hatten wir die M\u00f6glichkeit den Motor durch <span><a href=\"http:\/\/www.rikli-motorsport.ch\/\">Rickli Motorsport &nbsp;<\/a><\/span>abzustimmen. Das Ergebnis l\u00e4sst sich sehen. Der Motor konnte um rund 20 PS optimiert werden. Auch die Leistungsentfaltung ist sp\u00fcr- und h\u00f6rbar besser und konstanter als vor der Abstimmung.\n\nHier das Resultat: <span><a href=\"https:\/\/www.waymanracing.ch\/wp-content\/uploads\/2018\/08\/Leistungpr\u00fcfstand-Wegmann_Rickli-2018.pdf\">Leistungpr\u00fcfstand Wegmann_Rickli 2018<\/a><\/span>\n\n&nbsp;\n\n[\/et_pb_tab][et_pb_tab title=&#8220;August 2018 \u2013 Circuit de Bresse&#8220; _builder_version=&#8220;3.19.10&#8243;]\n\nNun konnten wir erstmals testen, wie sich der neu abgestimmte Civic auf der Rennstrecke verh\u00e4lt. Es war ein tolles Event und die Rundenzeiten durchaus zufriedenstellen.\n\n&nbsp;\n\nDer die Veranstaltung wurde von <a href=\"http:\/\/www.smotors.ch\" target=\"_blank\" rel=\"noopener noreferrer\" title=\"Link zu Smtoros.ch\">S\u00e4gesser Motorsport<\/a> organisiert.\n\n[\/et_pb_tab][et_pb_tab title=&#8220;Oktober 2018 \u2013 Anneau du Rhin&#8220; _builder_version=&#8220;3.19.10&#8243;]\n\n14.10.2018 \u2013 Saisonausklang auf dem Anneau du Rhin auf der langen Strecke (3.7km).<span><\/span>\n\n&nbsp;\n\nDer Event wurde vom <a href=\"http:\/\/www.lotusteam.ch\/\" target=\"_blank\" rel=\"noopener noreferrer\" title=\"Link zur Homepage vom Swiss Lotus Team\">Swiss Lotus Team<\/a> Schweiz organisiert. Es war eine tolle Veranstaltung.\n\n<span><\/span>\n\n<span><\/span>\n\n[\/et_pb_tab][\/et_pb_tabs][\/et_pb_column][\/et_pb_row][\/et_pb_section]\n","protected":false},"excerpt":{"rendered":"<p>Hier erf\u00e4hrst Du an welchen Events wir 2020 teilnehmen, bzw. teilgenommen haben Trackdays mit Swiss Lotus Team Trackdays mit Smotors &#8211; S\u00e4gesser Motorsport &nbsp; 04.04.2020 &#8211; Warm-up in Bresse 08.08.2020 &#8211; Sprint Day in Bresse 10.10.2020 &#8211; Speed Day in Chenevi\u00e8res &nbsp; &nbsp; &nbsp; &nbsp; Hier erf\u00e4hrst Du an welchen Events wir 2019 teilnehmen, bzw. [&hellip;]<\/p>\n","protected":false},"author":1,"featured_media":0,"parent":0,"menu_order":0,"comment_status":"closed","ping_status":"closed","template":"","meta":{"_et_pb_use_builder":"on","_et_pb_old_content":"[et_pb_section fb_built=\"1\" admin_label=\"section\" _builder_version=\"3.22\" custom_padding=\"0|0px|62.7167px|0px|false|false\"][et_pb_row _builder_version=\"4.0.4\"][et_pb_column type=\"4_4\" _builder_version=\"4.0.4\"][et_pb_text _builder_version=\"4.0.4\" text_font=\"||||||||\" text_text_color=\"#0c71c3\" text_font_size=\"20px\"]\n<p style=\"text-align: center;\">Hier erf\u00e4hrst Du an welchen Events wir 2020 teilnehmen, bzw. teilgenommen haben<\/p>\n[\/et_pb_text][\/et_pb_column][\/et_pb_row][et_pb_row column_structure=\"1_2,1_2\" module_class=\" et_pb_row_fullwidth\" _builder_version=\"3.25\" width=\"89%\" width_tablet=\"80%\" width_phone=\"\" width_last_edited=\"on|desktop\" max_width=\"89%\" max_width_tablet=\"80%\" max_width_phone=\"\" max_width_last_edited=\"on|desktop\" custom_padding=\"52px|0px|31.35px|0px|false|false\" border_radii=\"||||\" border_width_all=\"1px\" border_color_all=\"#ffffff\" make_fullwidth=\"on\"][et_pb_column type=\"1_2\" _builder_version=\"3.25\" custom_padding=\"|||\" custom_padding__hover=\"|||\"][et_pb_text _builder_version=\"4.0.4\"]\n<h2 style=\"text-align: center;\">Trackdays mit Swiss Lotus Team<\/h2>\n[\/et_pb_text][et_pb_image src=\"https:\/\/www.waymanracing.ch\/wp-content\/uploads\/2020\/02\/Rennkalender-2020-pdf.jpg\" show_in_lightbox=\"on\" _builder_version=\"4.0.4\" background_color=\"#ffffff\" width=\"100%\"][\/et_pb_image][\/et_pb_column][et_pb_column type=\"1_2\" _builder_version=\"4.0.4\"][et_pb_text _builder_version=\"4.0.4\" custom_margin=\"-10px|||||\" custom_padding=\"4px|0px|70px|||\"]\n<h2>Trackdays mit Smotors - S\u00e4gesser Motorsport<\/h2>\n&nbsp;\n<ul>\n \t<li>04.04.2020 - Warm-up in Bresse<\/li>\n \t<li>08.08.2020 - Sprint Day in Bresse<\/li>\n \t<li>10.10.2020 - Speed Day in Chenevi\u00e8res<\/li>\n<\/ul>\n&nbsp;\n\n&nbsp;\n\n&nbsp;\n\n&nbsp;\n\n[\/et_pb_text][\/et_pb_column][\/et_pb_row][et_pb_row module_class=\" et_pb_row_fullwidth\" _builder_version=\"3.25\" width=\"89%\" width_tablet=\"80%\" width_phone=\"\" width_last_edited=\"on|desktop\" max_width=\"89%\" max_width_tablet=\"80%\" max_width_phone=\"\" max_width_last_edited=\"on|desktop\" custom_padding=\"38px|0px|31.35px|0px|false|false\" border_radii=\"||||\" border_width_all=\"1px\" border_color_all=\"#ffffff\" make_fullwidth=\"on\"][et_pb_column type=\"4_4\" _builder_version=\"3.25\" custom_padding=\"|||\" custom_padding__hover=\"|||\"][et_pb_text _builder_version=\"3.27.4\" text_font=\"||||||||\" text_text_color=\"#0c71c3\" text_font_size=\"20px\"]\n\nHier erf\u00e4hrst Du an welchen Events wir 2019 teilnehmen, bzw. teilgenommen haben\n\n[\/et_pb_text][et_pb_tabs active_tab_background_color=\"#0c71c3\" inactive_tab_background_color=\"#000000\" _builder_version=\"3.19.10\" tab_text_color=\"#ffffff\" tab_font=\"||||||||\"][et_pb_tab title=\"Januar 2019 \u2013 G\u00f6nnerabend Smotors\" _builder_version=\"3.19.10\" tab_font=\"||||||||\"]\n\nG\u00f6nner und Sponsorenabend von <a href=\"https:\/\/smotors.ch\" target=\"_blank\" rel=\"noopener noreferrer\" title=\"Link zu S\u00e4gesser Motorsport\">S\u00e4gesser Motorsport<\/a>, Samstag 26. Januar 2019\n\n[\/et_pb_tab][et_pb_tab title=\"April 2019 \u2013 Time Attack Anneau du Rhin\" _builder_version=\"3.19.10\"]\n\nErster Anlass der Saison der Time Attack Championship des <a href=\"http:\/\/www.swisslotus.ch\" target=\"_blank\" rel=\"noopener noreferrer\" title=\"Link zu Swiss Lotus Team\">Swiss Lotus Teams<\/a> auf der beliebten Rennstrecke in Anneau du Rhin nahe der Schweizer Grenze zwischen Mulhouse und Colmar.\n\n<span><a href=\"https:\/\/www.waymanracing.ch\/?page_id=30\"><strong><\/strong><\/a><\/span>\n\n[\/et_pb_tab][et_pb_tab title=\"April 2019 \u2013 Warm Up in Bresse Smotors\" _builder_version=\"3.19.10\"]\n\nEin Trackday vom feinsten.\n\nWarm Up 2019, Circuit de Bresse\nSamstag 13. April 2019\n\n&nbsp;\n\nWeitere Information auf <span><a href=\"http:\/\/www.smotors.ch\">www.smotors.ch<\/a><\/span>\n\n[\/et_pb_tab][et_pb_tab title=\"Mai 2019 - Time Attack Circuit Chenevi\u00e8res\" _builder_version=\"3.19.10\"]\n\nTime Attack Championship Event vom <a href=\"http:\/\/www.swisslotus.ch\" target=\"_blank\" rel=\"noopener noreferrer\" title=\"Link zu Swiss Lotus Team\">Swiss Lotus Teams<\/a>&nbsp;\n\n[\/et_pb_tab][et_pb_tab title=\"Mai 2019 - Circuit de Bresse\" _builder_version=\"3.19.10\"]\n\nTeilnahme am Trackday - Kurt Buess Memorial in Bress. Organisiert durch S\u00e4gesser Motorsport und Swiss Lotus Club\n\n[\/et_pb_tab][et_pb_tab title=\"Juli 2019 - Time Attack Circuit Chenevi\u00e9res\" _builder_version=\"3.19.10\"]\n\nEvent von Swiss Lotus Team auf der sch\u00f6nen Rennstrecke von Chenevi\u00e8res.\n\n[\/et_pb_tab][et_pb_tab title=\"August 2019 - Sprint Day in Bresse\" _builder_version=\"3.19.10\"]\n\nTeilnahme am Sprintday auf dem Circuit de Bresse. Organisiert durch S\u00e4gesser Motorsport.\n\n[\/et_pb_tab][\/et_pb_tabs][\/et_pb_column][\/et_pb_row][et_pb_row module_class=\" et_pb_row_fullwidth\" _builder_version=\"3.25\" width=\"89%\" width_tablet=\"80%\" width_phone=\"\" width_last_edited=\"on|desktop\" max_width=\"89%\" max_width_tablet=\"80%\" max_width_phone=\"\" max_width_last_edited=\"on|desktop\" make_fullwidth=\"on\"][et_pb_column type=\"4_4\" _builder_version=\"3.25\" custom_padding=\"|||\" custom_padding__hover=\"|||\"][et_pb_divider admin_label=\"Teiler\" _builder_version=\"3.19.10\"][\/et_pb_divider][\/et_pb_column][\/et_pb_row][et_pb_row module_class=\" et_pb_row_fullwidth\" _builder_version=\"3.25\" background_color=\"#ffffff\" width=\"89%\" width_tablet=\"80%\" width_phone=\"\" width_last_edited=\"on|desktop\" max_width=\"89%\" max_width_tablet=\"80%\" max_width_phone=\"\" max_width_last_edited=\"on|desktop\" custom_padding=\"27px|0px|35px|0px|false|false\" border_width_all=\"1px\" border_color_all=\"#ffffff\" make_fullwidth=\"on\"][et_pb_column type=\"4_4\" _builder_version=\"3.25\" custom_padding=\"|||\" custom_padding__hover=\"|||\"][et_pb_text _builder_version=\"3.27.4\" text_font=\"||||||||\" text_text_color=\"#0c71c3\" text_font_size=\"20px\"]\n\nHier erf\u00e4hrst Du an welchen Events wir 2018 teilgenommen haben\n\n[\/et_pb_text][et_pb_tabs active_tab_background_color=\"#0c71c3\" inactive_tab_background_color=\"#000000\" admin_label=\"Registerkarte\" _builder_version=\"3.19.10\" tab_text_color=\"#ffffff\" body_font=\"||||||||\" tab_font=\"||||||||\"][et_pb_tab title=\"Mai 2018 \u2013 Anneau du Rhin\" _builder_version=\"3.19.10\"]\n\nNach monatelanger intensiver Neuaufbauarbeiten durch Didi Wermuth von <span><a href=\"http:\/\/www.allmech.ch\">www.allmech.ch<\/a><\/span> hatten wir die M\u00f6glichkeit den Honda in Anneau du Rhin \u201eeinzufahren\u201c. Die Vorfreude war riesengross.\n\n&nbsp;\n\nWir&nbsp; k\u00f6nnten den Civic w\u00e4hrend rund einer Stunde auf sch\u00f6nen Rundkurs bewegen. Der Motor und das Handling waren sehr stimmig.\n\n.\n\n[\/et_pb_tab][et_pb_tab title=\"Juni 2018 \u2013 Circuit de Bresse\" _builder_version=\"3.19.10\"]\n\nNachdem wir bereits im vergangen Jahr an dem tollen Event vom Lotus Club Schweiz (<span><a href=\"http:\/\/www.lotusteam.ch\">www.lotusteam.ch<\/a><\/span>) teilnehmen konnten, waren wir auch in diesem Jahr am Start.\n\n[\/et_pb_tab][et_pb_tab title=\"Juni 2018 \u2013 Motor Abstimmung\" _builder_version=\"3.19.10\"]\n\nNach dem Neuaufbau und einer ersten Ausfahrt auf der Rennstrecke Bresse hatten wir die M\u00f6glichkeit den Motor durch <span><a href=\"http:\/\/www.rikli-motorsport.ch\/\">Rickli Motorsport &nbsp;<\/a><\/span>abzustimmen. Das Ergebnis l\u00e4sst sich sehen. Der Motor konnte um rund 20 PS optimiert werden. Auch die Leistungsentfaltung ist sp\u00fcr- und h\u00f6rbar besser und konstanter als vor der Abstimmung.\n\nHier das Resultat: <span><a href=\"https:\/\/www.waymanracing.ch\/wp-content\/uploads\/2018\/08\/Leistungpr\u00fcfstand-Wegmann_Rickli-2018.pdf\">Leistungpr\u00fcfstand Wegmann_Rickli 2018<\/a><\/span>\n\n&nbsp;\n\n[\/et_pb_tab][et_pb_tab title=\"August 2018 \u2013 Circuit de Bresse\" _builder_version=\"3.19.10\"]\n\nNun konnten wir erstmals testen, wie sich der neu abgestimmte Civic auf der Rennstrecke verh\u00e4lt. Es war ein tolles Event und die Rundenzeiten durchaus zufriedenstellen.\n\n&nbsp;\n\nDer die Veranstaltung wurde von <a href=\"http:\/\/www.smotors.ch\" target=\"_blank\" rel=\"noopener noreferrer\" title=\"Link zu Smtoros.ch\">S\u00e4gesser Motorsport<\/a> organisiert.\n\n[\/et_pb_tab][et_pb_tab title=\"Oktober 2018 \u2013 Anneau du Rhin\" _builder_version=\"3.19.10\"]\n\n14.10.2018 \u2013 Saisonausklang auf dem Anneau du Rhin auf der langen Strecke (3.7km).<span><\/span>\n\n&nbsp;\n\nDer Event wurde vom <a href=\"http:\/\/www.lotusteam.ch\/\" target=\"_blank\" rel=\"noopener noreferrer\" title=\"Link zur Homepage vom Swiss Lotus Team\">Swiss Lotus Team<\/a> Schweiz organisiert. Es war eine tolle Veranstaltung.\n\n<span><\/span>\n\n<span><\/span>\n\n[\/et_pb_tab][\/et_pb_tabs][\/et_pb_column][\/et_pb_row][\/et_pb_section]","_et_gb_content_width":"","footnotes":""},"class_list":["post-30","page","type-page","status-publish","hentry"],"_links":{"self":[{"href":"https:\/\/www.waymanracing.ch\/index.php?rest_route=\/wp\/v2\/pages\/30","targetHints":{"allow":["GET"]}}],"collection":[{"href":"https:\/\/www.waymanracing.ch\/index.php?rest_route=\/wp\/v2\/pages"}],"about":[{"href":"https:\/\/www.waymanracing.ch\/index.php?rest_route=\/wp\/v2\/types\/page"}],"author":[{"embeddable":true,"href":"https:\/\/www.waymanracing.ch\/index.php?rest_route=\/wp\/v2\/users\/1"}],"replies":[{"embeddable":true,"href":"https:\/\/www.waymanracing.ch\/index.php?rest_route=%2Fwp%2Fv2%2Fcomments&post=30"}],"version-history":[{"count":48,"href":"https:\/\/www.waymanracing.ch\/index.php?rest_route=\/wp\/v2\/pages\/30\/revisions"}],"predecessor-version":[{"id":608,"href":"https:\/\/www.waymanracing.ch\/index.php?rest_route=\/wp\/v2\/pages\/30\/revisions\/608"}],"wp:attachment":[{"href":"https:\/\/www.waymanracing.ch\/index.php?rest_route=%2Fwp%2Fv2%2Fmedia&parent=30"}],"curies":[{"name":"wp","href":"https:\/\/api.w.org\/{rel}","templated":true}]}}